{"id":64,"date":"2025-05-01T14:51:33","date_gmt":"2025-05-01T14:51:33","guid":{"rendered":"https:\/\/artclass.cnprsv.ro\/?page_id=64"},"modified":"2025-05-16T13:46:37","modified_gmt":"2025-05-16T13:46:37","slug":"despre-noi-2","status":"publish","type":"page","link":"https:\/\/artclass.cnprsv.ro\/?page_id=64","title":{"rendered":"Despre Noi"},"content":{"rendered":"\t\t<div data-elementor-type=\"wp-page\" data-elementor-id=\"64\" class=\"elementor elementor-64\">\n\t\t\t\t<div class=\"elementor-element elementor-element-9959e86 e-flex e-con-boxed e-con e-parent\" data-id=\"9959e86\" data-element_type=\"container\" data-settings=\"{&quot;background_background&quot;:&quot;classic&quot;}\">\n\t\t\t\t\t<div class=\"e-con-inner\">\n\t\t<div class=\"elementor-element elementor-element-b7e9c06 e-con-full e-flex e-con e-child\" data-id=\"b7e9c06\" data-element_type=\"container\">\n\t\t\t\t<div class=\"elementor-element elementor-element-b36bf93 elementor-widget elementor-widget-heading\" data-id=\"b36bf93\" data-element_type=\"widget\" data-widget_type=\"heading.default\">\n\t\t\t\t<div class=\"elementor-widget-container\">\n\t\t\t\t\t<h2 class=\"elementor-heading-title elementor-size-default\">Bine a\u021bi venit \u00een lumea artei!<\/h2>\t\t\t\t<\/div>\n\t\t\t\t<\/div>\n\t\t\t\t<div class=\"elementor-element elementor-element-7cfe86f elementor-widget elementor-widget-text-editor\" data-id=\"7cfe86f\" data-element_type=\"widget\" data-widget_type=\"text-editor.default\">\n\t\t\t\t<div class=\"elementor-widget-container\">\n\t\t\t\t\t\t\t\t\t<p>Aici, la Clubul de Art\u0103, celebr\u0103m creativitatea \u0219i originalitatea studen\u021bilor no\u0219tri. Misiunea noastr\u0103 este de a oferi un spa\u021biu sigur \u0219i inspirant pentru ca ace\u0219tia s\u0103 \u00ee\u0219i exprime talentul artistic. V\u0103 invita\u021bi s\u0103 explora\u021bi lucr\u0103rile extraordinare ale elevilor no\u0219tri \u0219i s\u0103 r\u0103m\u00e2ne\u021bi la curent cu cele mai recente evenimente \u0219i expozi\u021bii.<\/p>\t\t\t\t\t\t\t\t<\/div>\n\t\t\t\t<\/div>\n\t\t\t\t<\/div>\n\t\t\t\t\t<\/div>\n\t\t\t\t<\/div>\n\t\t<div class=\"elementor-element elementor-element-adac303 e-flex e-con-boxed e-con e-parent\" data-id=\"adac303\" data-element_type=\"container\">\n\t\t\t\t\t<div class=\"e-con-inner\">\n\t\t<div class=\"elementor-element elementor-element-6abaf2a e-con-full e-flex e-con e-child\" data-id=\"6abaf2a\" data-element_type=\"container\">\n\t\t\t\t<div class=\"elementor-element elementor-element-f5b5304 elementor-widget elementor-widget-heading\" data-id=\"f5b5304\" data-element_type=\"widget\" data-widget_type=\"heading.default\">\n\t\t\t\t<div class=\"elementor-widget-container\">\n\t\t\t\t\t<h2 class=\"elementor-heading-title elementor-size-default\">R\u0103d\u0103cinile noastre artistice<\/h2>\t\t\t\t<\/div>\n\t\t\t\t<\/div>\n\t\t\t\t<div class=\"elementor-element elementor-element-7fcb79c elementor-widget elementor-widget-text-editor\" data-id=\"7fcb79c\" data-element_type=\"widget\" data-widget_type=\"text-editor.default\">\n\t\t\t\t<div class=\"elementor-widget-container\">\n\t\t\t\t\t\t\t\t\t<p>Clubul de Art\u0103 a fost \u00eenfiin\u021bat din dorin\u021ba de a \u00eencuraja exprimarea artistic\u0103 a elevilor. De-a lungul anilor, ne-am dezvoltat \u0219i am adunat talente din diverse domenii. Momentul inaugural a fost marcat de prima noastr\u0103 expozi\u021bie, unde am expus lucr\u0103rile fiec\u0103rui artist debutant. Aceste evenimente ne-au oferit ocazia s\u0103 ne crescute comunitatea \u0219i s\u0103 inspir\u0103m inimi prin frumuse\u021bea artei.<\/p>\t\t\t\t\t\t\t\t<\/div>\n\t\t\t\t<\/div>\n\t\t\t\t<\/div>\n\t\t<div class=\"elementor-element elementor-element-9befbc8 e-con-full e-flex e-con e-child\" data-id=\"9befbc8\" data-element_type=\"container\">\n\t\t\t\t<div class=\"elementor-element elementor-element-0d4d5ea elementor-widget elementor-widget-heading\" data-id=\"0d4d5ea\" data-element_type=\"widget\" data-widget_type=\"heading.default\">\n\t\t\t\t<div class=\"elementor-widget-container\">\n\t\t\t\t\t<h2 class=\"elementor-heading-title elementor-size-default\">Evolu\u021bia creativ\u0103<\/h2>\t\t\t\t<\/div>\n\t\t\t\t<\/div>\n\t\t\t\t<div class=\"elementor-element elementor-element-4db0716 elementor-widget elementor-widget-text-editor\" data-id=\"4db0716\" data-element_type=\"widget\" data-widget_type=\"text-editor.default\">\n\t\t\t\t<div class=\"elementor-widget-container\">\n\t\t\t\t\t\t\t\t\t<p>Pe parcursul timpului, Clubul nostru a organizat diverse evenimente care au atras aten\u021bia asupra talentelor emergente ale elevilor. Fiecare expozi\u021bie a fost o celebrare a procesului creativ, iar premiile \u0219i recunoa\u0219terile ob\u021binute sunt o dovad\u0103 a dedic\u0103rii noastre pentru art\u0103. Ne propunem s\u0103 continu\u0103m s\u0103 construim pe aceste funda\u021bii \u0219i s\u0103 inlesnim oportunit\u0103\u021bi pentru viitorii arti\u0219ti.<\/p>\t\t\t\t\t\t\t\t<\/div>\n\t\t\t\t<\/div>\n\t\t\t\t<\/div>\n\t\t\t\t\t<\/div>\n\t\t\t\t<\/div>\n\t\t<div class=\"elementor-element elementor-element-692a535 e-flex e-con-boxed e-con e-parent\" data-id=\"692a535\" data-element_type=\"container\">\n\t\t\t\t\t<div class=\"e-con-inner\">\n\t\t\t\t<div class=\"elementor-element elementor-element-8175bee elementor-widget elementor-widget-heading\" data-id=\"8175bee\" data-element_type=\"widget\" data-widget_type=\"heading.default\">\n\t\t\t\t<div class=\"elementor-widget-container\">\n\t\t\t\t\t<h2 class=\"elementor-heading-title elementor-size-default\">Membrii echipei noastre<\/h2>\t\t\t\t<\/div>\n\t\t\t\t<\/div>\n\t\t<div class=\"elementor-element elementor-element-a261409 e-con-full e-flex e-con e-child\" data-id=\"a261409\" data-element_type=\"container\">\n\t\t\t\t<div class=\"elementor-element elementor-element-e034ab8 elementor-widget__width-initial elementor-widget-mobile__width-inherit elementor-position-top elementor-widget elementor-widget-image-box\" data-id=\"e034ab8\" data-element_type=\"widget\" data-widget_type=\"image-box.default\">\n\t\t\t\t<div class=\"elementor-widget-container\">\n\t\t\t\t\t<div class=\"elementor-image-box-wrapper\"><figure class=\"elementor-image-box-img\"><img fetchpriority=\"high\" decoding=\"async\" width=\"1153\" height=\"1600\" src=\"https:\/\/artclass.cnprsv.ro\/wp-content\/uploads\/2025\/05\/0cd8196c-a783-4737-b513-de8759ada290.jpeg\" class=\"elementor-animation-grow attachment-full size-full wp-image-325\" alt=\"\" srcset=\"https:\/\/artclass.cnprsv.ro\/wp-content\/uploads\/2025\/05\/0cd8196c-a783-4737-b513-de8759ada290.jpeg 1153w, https:\/\/artclass.cnprsv.ro\/wp-content\/uploads\/2025\/05\/0cd8196c-a783-4737-b513-de8759ada290-216x300.jpeg 216w, https:\/\/artclass.cnprsv.ro\/wp-content\/uploads\/2025\/05\/0cd8196c-a783-4737-b513-de8759ada290-738x1024.jpeg 738w, https:\/\/artclass.cnprsv.ro\/wp-content\/uploads\/2025\/05\/0cd8196c-a783-4737-b513-de8759ada290-768x1066.jpeg 768w, https:\/\/artclass.cnprsv.ro\/wp-content\/uploads\/2025\/05\/0cd8196c-a783-4737-b513-de8759ada290-1107x1536.jpeg 1107w\" sizes=\"(max-width: 1153px) 100vw, 1153px\" \/><\/figure><div class=\"elementor-image-box-content\"><h4 class=\"elementor-image-box-title\">Isabela Maria Tabarcea, Coordonator artistic<\/h4><p class=\"elementor-image-box-description\">Isabela este un profesor \u0219i artist dedicat cu un sentiment profund pentru creativitate. Cu \u0219aisprezece ani de experien\u021b\u0103 \u00een organizarea de expozi\u021bii \u0219i ateliere, \u00ee\u0219i propune s\u0103 inspire tinerii arti\u0219ti s\u0103 \u00ee\u0219i dezv\u0103luie poten\u021bialul. Te va ghida s\u0103 explorezi fiecare nuan\u021b\u0103 a artei.<\/p><\/div><\/div>\t\t\t\t<\/div>\n\t\t\t\t<\/div>\n\t\t\t\t<div class=\"elementor-element elementor-element-38d2eb0 elementor-widget__width-initial elementor-widget-mobile__width-inherit elementor-position-top elementor-widget elementor-widget-image-box\" data-id=\"38d2eb0\" data-element_type=\"widget\" data-widget_type=\"image-box.default\">\n\t\t\t\t<div class=\"elementor-widget-container\">\n\t\t\t\t\t<div class=\"elementor-image-box-wrapper\"><figure class=\"elementor-image-box-img\"><img decoding=\"async\" width=\"1000\" height=\"1000\" src=\"https:\/\/artclass.cnprsv.ro\/wp-content\/uploads\/2025\/05\/TISHIRON-Paint.jpg\" class=\"elementor-animation-grow attachment-full size-full wp-image-341\" alt=\"\" srcset=\"https:\/\/artclass.cnprsv.ro\/wp-content\/uploads\/2025\/05\/TISHIRON-Paint.jpg 1000w, https:\/\/artclass.cnprsv.ro\/wp-content\/uploads\/2025\/05\/TISHIRON-Paint-300x300.jpg 300w, https:\/\/artclass.cnprsv.ro\/wp-content\/uploads\/2025\/05\/TISHIRON-Paint-150x150.jpg 150w, https:\/\/artclass.cnprsv.ro\/wp-content\/uploads\/2025\/05\/TISHIRON-Paint-768x768.jpg 768w\" sizes=\"(max-width: 1000px) 100vw, 1000px\" \/><\/figure><div class=\"elementor-image-box-content\"><h4 class=\"elementor-image-box-title\">Dana Moisoiu, Inginer de sistem<\/h4><p class=\"elementor-image-box-description\">Ne angaj\u0103m s\u0103 men\u021binem \u0219i s\u0103 \u00eembun\u0103t\u0103\u021bim constant infrastructura tehnic\u0103 pentru a sus\u021bine dezvoltarea fiec\u0103rui artist din clubul nostru. Credem c\u0103 un mediu tehnic bine pus la punct este esen\u021bial pentru a hr\u0103ni pasiunea pentru pictur\u0103 \u0219i pentru a permite fiec\u0103rei nuan\u021be de talent s\u0103 se exprime liber.<\/p><\/div><\/div>\t\t\t\t<\/div>\n\t\t\t\t<\/div>\n\t\t\t\t<\/div>\n\t\t\t\t\t<\/div>\n\t\t\t\t<\/div>\n\t\t<div class=\"elementor-element elementor-element-9189574 e-con-full e-flex e-con e-parent\" data-id=\"9189574\" data-element_type=\"container\">\n\t\t<div class=\"elementor-element elementor-element-835bdca e-con-full e-flex e-con e-child\" data-id=\"835bdca\" data-element_type=\"container\">\n\t\t\t\t<div class=\"elementor-element elementor-element-e1d959e elementor-widget elementor-widget-heading\" data-id=\"e1d959e\" data-element_type=\"widget\" data-widget_type=\"heading.default\">\n\t\t\t\t<div class=\"elementor-widget-container\">\n\t\t\t\t\t<h1 class=\"elementor-heading-title elementor-size-default\">Viziunea noastr\u0103<\/h1>\t\t\t\t<\/div>\n\t\t\t\t<\/div>\n\t\t\t\t<div class=\"elementor-element elementor-element-b0181da elementor-widget__width-initial elementor-widget-mobile__width-inherit elementor-widget elementor-widget-text-editor\" data-id=\"b0181da\" data-element_type=\"widget\" data-widget_type=\"text-editor.default\">\n\t\t\t\t<div class=\"elementor-widget-container\">\n\t\t\t\t\t\t\t\t\t<p>Noi, la Clubul de Art\u0103, ne imagin\u0103m un viitor luminat de creativitate \u0219i viziune artistic\u0103. Aspir\u0103m s\u0103 inspir\u0103m genera\u021bii de tineri s\u0103 \u00ee\u0219i exploreze pasiunile \u0219i talentele. Credem \u00een puterea artei de a conecta comunitatea, de a provoca g\u00e2ndirea \u0219i de a aduce un impact pozitiv asupra vie\u021bilor noastre. Vino al\u0103turi de noi \u00een aceast\u0103 c\u0103l\u0103torie pentru a transforma visurile artistice \u00een realitate.<\/p>\t\t\t\t\t\t\t\t<\/div>\n\t\t\t\t<\/div>\n\t\t\t\t<\/div>\n\t\t<div class=\"elementor-element elementor-element-55a9fe0 e-con-full e-flex e-con e-child\" data-id=\"55a9fe0\" data-element_type=\"container\" data-settings=\"{&quot;background_background&quot;:&quot;classic&quot;}\">\n\t\t\t\t<\/div>\n\t\t\t\t<\/div>\n\t\t<div class=\"elementor-element elementor-element-d70c2fc e-flex e-con-boxed e-con e-parent\" data-id=\"d70c2fc\" data-element_type=\"container\">\n\t\t\t\t\t<div class=\"e-con-inner\">\n\t\t\t\t<div class=\"elementor-element elementor-element-e12b1c5 elementor-widget elementor-widget-heading\" data-id=\"e12b1c5\" data-element_type=\"widget\" data-widget_type=\"heading.default\">\n\t\t\t\t<div class=\"elementor-widget-container\">\n\t\t\t\t\t<h2 class=\"elementor-heading-title elementor-size-default\">M\u0103rturii ale participan\u021bilor<\/h2>\t\t\t\t<\/div>\n\t\t\t\t<\/div>\n\t\t<div class=\"elementor-element elementor-element-a9c1af3 e-flex e-con-boxed e-con e-child\" data-id=\"a9c1af3\" data-element_type=\"container\">\n\t\t\t\t\t<div class=\"e-con-inner\">\n\t\t\t\t<div class=\"elementor-element elementor-element-d39ad73 elementor-widget-tablet__width-initial elementor-widget-mobile__width-inherit elementor-widget elementor-widget-testimonial\" data-id=\"d39ad73\" data-element_type=\"widget\" data-widget_type=\"testimonial.default\">\n\t\t\t\t<div class=\"elementor-widget-container\">\n\t\t\t\t\t\t\t<div class=\"elementor-testimonial-wrapper\">\n\t\t\t\t\t\t\t<div class=\"elementor-testimonial-content\">\u201cParticiparea la Clubul de Art\u0103 mi-a deschis orizonturi noi. Aici, am \u00eenv\u0103\u021bat nu doar tehnici, ci \u0219i cum s\u0103 \u00eemi exprim emo\u021biile prin art\u0103.\u201d<\/div>\n\t\t\t\n\t\t\t\t\t\t<div class=\"elementor-testimonial-meta elementor-has-image elementor-testimonial-image-position-aside\">\n\t\t\t\t<div class=\"elementor-testimonial-meta-inner\">\n\t\t\t\t\t\t\t\t\t\t\t<div class=\"elementor-testimonial-image\">\n\t\t\t\t\t\t\t<img decoding=\"async\" width=\"300\" height=\"300\" src=\"https:\/\/artclass.cnprsv.ro\/wp-content\/uploads\/2025\/05\/wireframe-img-1-e1708013680578-300x300.png\" class=\"attachment-medium size-medium wp-image-75\" alt=\"\" srcset=\"https:\/\/artclass.cnprsv.ro\/wp-content\/uploads\/2025\/05\/wireframe-img-1-e1708013680578-300x300.png 300w, https:\/\/artclass.cnprsv.ro\/wp-content\/uploads\/2025\/05\/wireframe-img-1-e1708013680578-1024x1024.png 1024w, https:\/\/artclass.cnprsv.ro\/wp-content\/uploads\/2025\/05\/wireframe-img-1-e1708013680578-150x150.png 150w, https:\/\/artclass.cnprsv.ro\/wp-content\/uploads\/2025\/05\/wireframe-img-1-e1708013680578-768x767.png 768w, https:\/\/artclass.cnprsv.ro\/wp-content\/uploads\/2025\/05\/wireframe-img-1-e1708013680578.png 1081w\" sizes=\"(max-width: 300px) 100vw, 300px\" \/>\t\t\t\t\t\t<\/div>\n\t\t\t\t\t\n\t\t\t\t\t\t\t\t\t\t<div class=\"elementor-testimonial-details\">\n\t\t\t\t\t\t\t\t\t\t\t\t\t\t<div class=\"elementor-testimonial-name\">Andreea R.<\/div>\n\t\t\t\t\t\t\t\t\t\t\t\t\t\t\t\t\t\t\t<\/div>\n\t\t\t\t\t\t\t\t\t<\/div>\n\t\t\t<\/div>\n\t\t\t\t\t<\/div>\n\t\t\t\t\t\t<\/div>\n\t\t\t\t<\/div>\n\t\t\t\t<div class=\"elementor-element elementor-element-4bbf1c6 elementor-widget-tablet__width-initial elementor-widget-mobile__width-inherit elementor-widget elementor-widget-testimonial\" data-id=\"4bbf1c6\" data-element_type=\"widget\" data-widget_type=\"testimonial.default\">\n\t\t\t\t<div class=\"elementor-widget-container\">\n\t\t\t\t\t\t\t<div class=\"elementor-testimonial-wrapper\">\n\t\t\t\t\t\t\t<div class=\"elementor-testimonial-content\">\u201cClubul de Art\u0103 m-a ajutat s\u0103 \u00eemi dezvolt stilul personal. Atmosfera creativ\u0103 m-a motivat \u0219i m-a f\u0103cut s\u0103 \u00eemi doresc s\u0103 explorez mai mult.\u201d<\/div>\n\t\t\t\n\t\t\t\t\t\t<div class=\"elementor-testimonial-meta elementor-has-image elementor-testimonial-image-position-aside\">\n\t\t\t\t<div class=\"elementor-testimonial-meta-inner\">\n\t\t\t\t\t\t\t\t\t\t\t<div class=\"elementor-testimonial-image\">\n\t\t\t\t\t\t\t<img decoding=\"async\" width=\"300\" height=\"300\" src=\"https:\/\/artclass.cnprsv.ro\/wp-content\/uploads\/2025\/05\/wireframe-img-1-e1708013680578-300x300.png\" class=\"attachment-medium size-medium wp-image-75\" alt=\"\" srcset=\"https:\/\/artclass.cnprsv.ro\/wp-content\/uploads\/2025\/05\/wireframe-img-1-e1708013680578-300x300.png 300w, https:\/\/artclass.cnprsv.ro\/wp-content\/uploads\/2025\/05\/wireframe-img-1-e1708013680578-1024x1024.png 1024w, https:\/\/artclass.cnprsv.ro\/wp-content\/uploads\/2025\/05\/wireframe-img-1-e1708013680578-150x150.png 150w, https:\/\/artclass.cnprsv.ro\/wp-content\/uploads\/2025\/05\/wireframe-img-1-e1708013680578-768x767.png 768w, https:\/\/artclass.cnprsv.ro\/wp-content\/uploads\/2025\/05\/wireframe-img-1-e1708013680578.png 1081w\" sizes=\"(max-width: 300px) 100vw, 300px\" \/>\t\t\t\t\t\t<\/div>\n\t\t\t\t\t\n\t\t\t\t\t\t\t\t\t\t<div class=\"elementor-testimonial-details\">\n\t\t\t\t\t\t\t\t\t\t\t\t\t\t<div class=\"elementor-testimonial-name\">Mihai P.<\/div>\n\t\t\t\t\t\t\t\t\t\t\t\t\t\t\t\t\t\t\t<\/div>\n\t\t\t\t\t\t\t\t\t<\/div>\n\t\t\t<\/div>\n\t\t\t\t\t<\/div>\n\t\t\t\t\t\t<\/div>\n\t\t\t\t<\/div>\n\t\t\t\t\t<\/div>\n\t\t\t\t<\/div>\n\t\t\t\t\t<\/div>\n\t\t\t\t<\/div>\n\t\t<div class=\"elementor-element elementor-element-55e62db e-flex e-con-boxed e-con e-parent\" data-id=\"55e62db\" data-element_type=\"container\" data-settings=\"{&quot;background_background&quot;:&quot;classic&quot;}\">\n\t\t\t\t\t<div class=\"e-con-inner\">\n\t\t<div class=\"elementor-element elementor-element-0af060c e-flex e-con-boxed e-con e-child\" data-id=\"0af060c\" data-element_type=\"container\" data-settings=\"{&quot;background_background&quot;:&quot;classic&quot;}\">\n\t\t\t\t\t<div class=\"e-con-inner\">\n\t\t\t\t<div class=\"elementor-element elementor-element-b7e3d01 elementor-widget elementor-widget-heading\" data-id=\"b7e3d01\" data-element_type=\"widget\" data-widget_type=\"heading.default\">\n\t\t\t\t<div class=\"elementor-widget-container\">\n\t\t\t\t\t<h2 class=\"elementor-heading-title elementor-size-default\">\u00censcrie-te \u00een comunitatea noastr\u0103 artistic\u0103!<\/h2>\t\t\t\t<\/div>\n\t\t\t\t<\/div>\n\t\t\t\t<div class=\"elementor-element elementor-element-4cbe6b4 elementor-widget elementor-widget-text-editor\" data-id=\"4cbe6b4\" data-element_type=\"widget\" data-widget_type=\"text-editor.default\">\n\t\t\t\t<div class=\"elementor-widget-container\">\n\t\t\t\t\t\t\t\t\t<p>Al\u0103tur\u0103-te nou\u0103 pentru a descoperi bucuria artei! Aici ai ocazia s\u0103 conectezi cu al\u021bi pasiona\u021bi, s\u0103 \u00ee\u021bi exprimi creativitatea \u0219i s\u0103 participi la evenimente captivante. Vino s\u0103 contribui cu talentul t\u0103u la expozi\u021bii ce s\u0103rb\u0103toresc eforturile fiec\u0103rui artist!<\/p>\t\t\t\t\t\t\t\t<\/div>\n\t\t\t\t<\/div>\n\t\t\t\t<div class=\"elementor-element elementor-element-420ac91 elementor-widget__width-auto elementor-align-right elementor-widget elementor-widget-button\" data-id=\"420ac91\" data-element_type=\"widget\" data-widget_type=\"button.default\">\n\t\t\t\t<div class=\"elementor-widget-container\">\n\t\t\t\t\t\t\t\t\t<div class=\"elementor-button-wrapper\">\n\t\t\t\t\t<a class=\"elementor-button elementor-button-link elementor-size-sm\" href=\"#\">\n\t\t\t\t\t\t<span class=\"elementor-button-content-wrapper\">\n\t\t\t\t\t\t\t\t\t<span class=\"elementor-button-text\">\u00censcrie-te acum!<\/span>\n\t\t\t\t\t<\/span>\n\t\t\t\t\t<\/a>\n\t\t\t\t<\/div>\n\t\t\t\t\t\t\t\t<\/div>\n\t\t\t\t<\/div>\n\t\t\t\t\t<\/div>\n\t\t\t\t<\/div>\n\t\t\t\t\t<\/div>\n\t\t\t\t<\/div>\n\t\t\t\t<\/div>\n\t\t","protected":false},"excerpt":{"rendered":"<p>Bine a\u021bi venit \u00een lumea artei! Aici, la Clubul de Art\u0103, celebr\u0103m creativitatea \u0219i originalitatea studen\u021bilor no\u0219tri. Misiunea noastr\u0103 este de a oferi un spa\u021biu sigur \u0219i inspirant pentru ca ace\u0219tia s\u0103 \u00ee\u0219i exprime talentul artistic. V\u0103 invita\u021bi s\u0103 explora\u021bi lucr\u0103rile extraordinare ale elevilor no\u0219tri \u0219i s\u0103 r\u0103m\u00e2ne\u021bi la curent cu cele mai recente evenimente [&hellip;]<\/p>\n","protected":false},"author":1,"featured_media":0,"parent":0,"menu_order":0,"comment_status":"closed","ping_status":"closed","template":"","meta":{"footnotes":""},"class_list":["post-64","page","type-page","status-publish","hentry"],"_links":{"self":[{"href":"https:\/\/artclass.cnprsv.ro\/index.php?rest_route=\/wp\/v2\/pages\/64","targetHints":{"allow":["GET"]}}],"collection":[{"href":"https:\/\/artclass.cnprsv.ro\/index.php?rest_route=\/wp\/v2\/pages"}],"about":[{"href":"https:\/\/artclass.cnprsv.ro\/index.php?rest_route=\/wp\/v2\/types\/page"}],"author":[{"embeddable":true,"href":"https:\/\/artclass.cnprsv.ro\/index.php?rest_route=\/wp\/v2\/users\/1"}],"replies":[{"embeddable":true,"href":"https:\/\/artclass.cnprsv.ro\/index.php?rest_route=%2Fwp%2Fv2%2Fcomments&post=64"}],"version-history":[{"count":7,"href":"https:\/\/artclass.cnprsv.ro\/index.php?rest_route=\/wp\/v2\/pages\/64\/revisions"}],"predecessor-version":[{"id":344,"href":"https:\/\/artclass.cnprsv.ro\/index.php?rest_route=\/wp\/v2\/pages\/64\/revisions\/344"}],"wp:attachment":[{"href":"https:\/\/artclass.cnprsv.ro\/index.php?rest_route=%2Fwp%2Fv2%2Fmedia&parent=64"}],"curies":[{"name":"wp","href":"https:\/\/api.w.org\/{rel}","templated":true}]}}